{"id":2223,"date":"2025-08-30T20:33:33","date_gmt":"2025-08-31T00:33:33","guid":{"rendered":"https:\/\/www.ferrehome1.cl\/?post_type=product&#038;p=2223"},"modified":"2025-08-30T20:36:08","modified_gmt":"2025-08-31T00:36:08","slug":"caja-estanca","status":"publish","type":"product","link":"https:\/\/www.ferrehome1.cl\/index.php\/producto\/caja-estanca\/","title":{"rendered":"Caja estanca"},"content":{"rendered":"\n<p>Fabricada en ABS de alta calidad, esta caja estanca cuenta con 6 conos de entrada con un di\u00e1metro de perforaci\u00f3n de 16 mm, ideales para una correcta canalizaci\u00f3n de tus cables. Su capacidad interior de 0,66 litros te permite organizar tus conexiones de forma eficiente. Adem\u00e1s, soporta un ensayo de hilo incandescente a 650\u00b0C, lo que garantiza una alta resistencia al envejecimiento y al impacto, asegurando la durabilidad del producto.<\/p>\n","protected":false},"excerpt":{"rendered":"<p>Caja estanca<\/p>\n<p>6 conos de entrada de 10mm a 16mm.<\/p>\n<p>Soporta ensayo hilo incandescente a 650\u00b0C.<\/p>\n<p>Alta resistencia al impacto.<\/p>\n<p>Alta resistencia al envejecimiento.La capacidad interior del producto es de 0,66 Lts \/ 0,17 Gal<\/p>\n","protected":false},"featured_media":2224,"comment_status":"open","ping_status":"closed","template":"","meta":[],"product_brand":[],"product_cat":[72],"product_tag":[367],"class_list":{"0":"post-2223","1":"product","2":"type-product","3":"status-publish","4":"has-post-thumbnail","6":"product_cat-electricidad","7":"product_tag-caja-estanca","9":"first","10":"instock","11":"shipping-taxable","12":"purchasable","13":"product-type-simple"},"jetpack_sharing_enabled":true,"_links":{"self":[{"href":"https:\/\/www.ferrehome1.cl\/index.php\/wp-json\/wp\/v2\/product\/2223","targetHints":{"allow":["GET"]}}],"collection":[{"href":"https:\/\/www.ferrehome1.cl\/index.php\/wp-json\/wp\/v2\/product"}],"about":[{"href":"https:\/\/www.ferrehome1.cl\/index.php\/wp-json\/wp\/v2\/types\/product"}],"replies":[{"embeddable":true,"href":"https:\/\/www.ferrehome1.cl\/index.php\/wp-json\/wp\/v2\/comments?post=2223"}],"wp:featuredmedia":[{"embeddable":true,"href":"https:\/\/www.ferrehome1.cl\/index.php\/wp-json\/wp\/v2\/media\/2224"}],"wp:attachment":[{"href":"https:\/\/www.ferrehome1.cl\/index.php\/wp-json\/wp\/v2\/media?parent=2223"}],"wp:term":[{"taxonomy":"product_brand","embeddable":true,"href":"https:\/\/www.ferrehome1.cl\/index.php\/wp-json\/wp\/v2\/product_brand?post=2223"},{"taxonomy":"product_cat","embeddable":true,"href":"https:\/\/www.ferrehome1.cl\/index.php\/wp-json\/wp\/v2\/product_cat?post=2223"},{"taxonomy":"product_tag","embeddable":true,"href":"https:\/\/www.ferrehome1.cl\/index.php\/wp-json\/wp\/v2\/product_tag?post=2223"}],"curies":[{"name":"wp","href":"https:\/\/api.w.org\/{rel}","templated":true}]}}