{"id":2127,"date":"2025-08-27T16:35:05","date_gmt":"2025-08-27T20:35:05","guid":{"rendered":"https:\/\/www.ferrehome1.cl\/?post_type=product&#038;p=2127"},"modified":"2025-08-27T16:35:11","modified_gmt":"2025-08-27T20:35:11","slug":"pala","status":"publish","type":"product","link":"https:\/\/www.ferrehome1.cl\/index.php\/producto\/pala\/","title":{"rendered":"Pala"},"content":{"rendered":"\n<p>Pala multifuncional dise\u00f1ada para trabajar en actividades como jardiner\u00eda, agr\u00edcola y construcci\u00f3n.<br>Color acero amartillado.<\/p>\n","protected":false},"excerpt":{"rendered":"<p>Pala Multifuncional<\/p>\n<ul>\n<li>Material del mango: Acero<\/li>\n<li>Largo total: 100 cm<\/li>\n<li>Altura x Ancho: 7.2 cm x 23.4 cm<\/li>\n<\/ul>\n","protected":false},"featured_media":2128,"comment_status":"open","ping_status":"closed","template":"","meta":[],"product_brand":[],"product_cat":[74],"product_tag":[350],"class_list":{"0":"post-2127","1":"product","2":"type-product","3":"status-publish","4":"has-post-thumbnail","6":"product_cat-herramientas-manuales","7":"product_tag-pala","9":"first","10":"instock","11":"shipping-taxable","12":"purchasable","13":"product-type-simple"},"jetpack_sharing_enabled":true,"_links":{"self":[{"href":"https:\/\/www.ferrehome1.cl\/index.php\/wp-json\/wp\/v2\/product\/2127","targetHints":{"allow":["GET"]}}],"collection":[{"href":"https:\/\/www.ferrehome1.cl\/index.php\/wp-json\/wp\/v2\/product"}],"about":[{"href":"https:\/\/www.ferrehome1.cl\/index.php\/wp-json\/wp\/v2\/types\/product"}],"replies":[{"embeddable":true,"href":"https:\/\/www.ferrehome1.cl\/index.php\/wp-json\/wp\/v2\/comments?post=2127"}],"wp:featuredmedia":[{"embeddable":true,"href":"https:\/\/www.ferrehome1.cl\/index.php\/wp-json\/wp\/v2\/media\/2128"}],"wp:attachment":[{"href":"https:\/\/www.ferrehome1.cl\/index.php\/wp-json\/wp\/v2\/media?parent=2127"}],"wp:term":[{"taxonomy":"product_brand","embeddable":true,"href":"https:\/\/www.ferrehome1.cl\/index.php\/wp-json\/wp\/v2\/product_brand?post=2127"},{"taxonomy":"product_cat","embeddable":true,"href":"https:\/\/www.ferrehome1.cl\/index.php\/wp-json\/wp\/v2\/product_cat?post=2127"},{"taxonomy":"product_tag","embeddable":true,"href":"https:\/\/www.ferrehome1.cl\/index.php\/wp-json\/wp\/v2\/product_tag?post=2127"}],"curies":[{"name":"wp","href":"https:\/\/api.w.org\/{rel}","templated":true}]}}