{"id":2111,"date":"2025-08-27T10:33:24","date_gmt":"2025-08-27T14:33:24","guid":{"rendered":"https:\/\/www.ferrehome1.cl\/?post_type=product&#038;p=2111"},"modified":"2025-08-27T10:35:14","modified_gmt":"2025-08-27T14:35:14","slug":"copla-pvc-sanitario-40mm","status":"publish","type":"product","link":"https:\/\/www.ferrehome1.cl\/index.php\/producto\/copla-pvc-sanitario-40mm\/","title":{"rendered":"Copla PVC sanitario 40mm"},"content":{"rendered":"\n<p>La Copla de PVC Cem 40 mm para Uniones Hidr\u00e1ulicas Color Gris te brinda la mayor seguridad en tus trabajos de fontaner\u00eda, tanto en a nivel dom\u00e9stico como profesional. Este art\u00edculo cumple la funci\u00f3n de unir tuber\u00edas sanitarias.<\/p>\n\n\n\n<p>Este producto te facilita la instalaci\u00f3n y acople de tubos de conducci\u00f3n de aguas servidas o desechos org\u00e1nicos.<\/p>\n\n\n\n<p>Su fabricaci\u00f3n en PVC le permite ser resistente a altas y bajas temperaturas, adem\u00e1s repele hongos, bacterias e insectos.<\/p>\n\n\n\n<p>Posee medidas terminales de 40 mm, por lo que se debe acoplar con tubos de la misma medida.<\/p>\n","protected":false},"excerpt":{"rendered":"<p>Copla Pvc\u00a0 Sanitario 40 Mm<\/p>\n<p>&#8211; Modelo: Sanitario<\/p>\n<p>&#8211; Color: Gris<\/p>\n<p>&#8211; Medidas: 40 mm<\/p>\n<p>&#8211; Flexible: No<\/p>\n<p>&#8211; Uso: Dom\u00e9stico \/ Gasfiter\u00eda &#8211; Material: PVC<\/p>\n","protected":false},"featured_media":2112,"comment_status":"open","ping_status":"closed","template":"","meta":[],"product_brand":[],"product_cat":[66],"product_tag":[216,125,209],"class_list":{"0":"post-2111","1":"product","2":"type-product","3":"status-publish","4":"has-post-thumbnail","6":"product_cat-tuberiaspvc","7":"product_tag-copla","8":"product_tag-pvc","9":"product_tag-sanitario","11":"first","12":"instock","13":"shipping-taxable","14":"purchasable","15":"product-type-simple"},"jetpack_sharing_enabled":true,"_links":{"self":[{"href":"https:\/\/www.ferrehome1.cl\/index.php\/wp-json\/wp\/v2\/product\/2111","targetHints":{"allow":["GET"]}}],"collection":[{"href":"https:\/\/www.ferrehome1.cl\/index.php\/wp-json\/wp\/v2\/product"}],"about":[{"href":"https:\/\/www.ferrehome1.cl\/index.php\/wp-json\/wp\/v2\/types\/product"}],"replies":[{"embeddable":true,"href":"https:\/\/www.ferrehome1.cl\/index.php\/wp-json\/wp\/v2\/comments?post=2111"}],"wp:featuredmedia":[{"embeddable":true,"href":"https:\/\/www.ferrehome1.cl\/index.php\/wp-json\/wp\/v2\/media\/2112"}],"wp:attachment":[{"href":"https:\/\/www.ferrehome1.cl\/index.php\/wp-json\/wp\/v2\/media?parent=2111"}],"wp:term":[{"taxonomy":"product_brand","embeddable":true,"href":"https:\/\/www.ferrehome1.cl\/index.php\/wp-json\/wp\/v2\/product_brand?post=2111"},{"taxonomy":"product_cat","embeddable":true,"href":"https:\/\/www.ferrehome1.cl\/index.php\/wp-json\/wp\/v2\/product_cat?post=2111"},{"taxonomy":"product_tag","embeddable":true,"href":"https:\/\/www.ferrehome1.cl\/index.php\/wp-json\/wp\/v2\/product_tag?post=2111"}],"curies":[{"name":"wp","href":"https:\/\/api.w.org\/{rel}","templated":true}]}}