{"id":2050,"date":"2025-08-25T14:28:53","date_gmt":"2025-08-25T18:28:53","guid":{"rendered":"https:\/\/www.ferrehome1.cl\/?post_type=product&#038;p=2050"},"modified":"2025-08-25T14:28:58","modified_gmt":"2025-08-25T18:28:58","slug":"perfil-j-siding-pvc","status":"publish","type":"product","link":"https:\/\/www.ferrehome1.cl\/index.php\/producto\/perfil-j-siding-pvc\/","title":{"rendered":"Perfil J siding PVC"},"content":{"rendered":"\n<p>Perfil en forma de J que ofrece una terminaci\u00f3n elegante y segura en los bordes del revestimiento.<\/p>\n\n\n\n<p>Dale el toque final perfecto a tu hogar con el Perfil J de Vinyl siding DVP. Con su elegante color blanco y un largo de 3.80 m, este perfil de PVC es ideal para cubrir marcos de ventanas y puertas, entregando un acabado limpio y profesional. Su instalaci\u00f3n es r\u00e1pida y sencilla, y su resistencia a la intemperie asegura una larga duraci\u00f3n, manteniendo su belleza intacta por a\u00f1os.<\/p>\n","protected":false},"excerpt":{"rendered":"<p>Perfil J siding PVC<\/p>\n<p>Material: PVC<\/p>\n<p>Medidas: 8mm , 3,8 mtrs<\/p>\n<p>Color: blanco<\/p>\n<p>&nbsp;<\/p>\n","protected":false},"featured_media":2051,"comment_status":"open","ping_status":"closed","template":"","meta":[],"product_brand":[],"product_cat":[55],"product_tag":[343,125],"class_list":{"0":"post-2050","1":"product","2":"type-product","3":"status-publish","4":"has-post-thumbnail","6":"product_cat-planchas-revestimiento","7":"product_tag-perfil-j","8":"product_tag-pvc","10":"first","11":"instock","12":"shipping-taxable","13":"product-type-simple"},"jetpack_sharing_enabled":true,"_links":{"self":[{"href":"https:\/\/www.ferrehome1.cl\/index.php\/wp-json\/wp\/v2\/product\/2050","targetHints":{"allow":["GET"]}}],"collection":[{"href":"https:\/\/www.ferrehome1.cl\/index.php\/wp-json\/wp\/v2\/product"}],"about":[{"href":"https:\/\/www.ferrehome1.cl\/index.php\/wp-json\/wp\/v2\/types\/product"}],"replies":[{"embeddable":true,"href":"https:\/\/www.ferrehome1.cl\/index.php\/wp-json\/wp\/v2\/comments?post=2050"}],"wp:featuredmedia":[{"embeddable":true,"href":"https:\/\/www.ferrehome1.cl\/index.php\/wp-json\/wp\/v2\/media\/2051"}],"wp:attachment":[{"href":"https:\/\/www.ferrehome1.cl\/index.php\/wp-json\/wp\/v2\/media?parent=2050"}],"wp:term":[{"taxonomy":"product_brand","embeddable":true,"href":"https:\/\/www.ferrehome1.cl\/index.php\/wp-json\/wp\/v2\/product_brand?post=2050"},{"taxonomy":"product_cat","embeddable":true,"href":"https:\/\/www.ferrehome1.cl\/index.php\/wp-json\/wp\/v2\/product_cat?post=2050"},{"taxonomy":"product_tag","embeddable":true,"href":"https:\/\/www.ferrehome1.cl\/index.php\/wp-json\/wp\/v2\/product_tag?post=2050"}],"curies":[{"name":"wp","href":"https:\/\/api.w.org\/{rel}","templated":true}]}}