{"id":2048,"date":"2025-08-25T13:44:55","date_gmt":"2025-08-25T17:44:55","guid":{"rendered":"https:\/\/www.ferrehome1.cl\/?post_type=product&#038;p=2048"},"modified":"2025-08-25T14:09:21","modified_gmt":"2025-08-25T18:09:21","slug":"perfil-esquinero-exterior-pvc","status":"publish","type":"product","link":"https:\/\/www.ferrehome1.cl\/index.php\/producto\/perfil-esquinero-exterior-pvc\/","title":{"rendered":"Perfil esquinero exterior PVC"},"content":{"rendered":"\n<p>Dale el toque final perfecto a tu proyecto de revestimiento exterior con el perfil esquinero exterior Vinyl Siding de DVP. Con su elegante color blanco y una longitud de 3.0 m, este perfil de PVC de 8 mm de espesor, te permitir\u00e1 lograr un acabado limpio y profesional en las esquinas de tu casa, brindando una protecci\u00f3n duradera y un estilo cl\u00e1sico que se adapta a cualquier dise\u00f1o. \u00a1Olv\u00eddate de las esquinas desprolijas y dale a tu hogar la apariencia que siempre so\u00f1aste!<\/p>\n","protected":false},"excerpt":{"rendered":"<p>Perfil esquinero exterior Vinyl siding<\/p>\n<p>Material: PVC<\/p>\n<p>Medidas: 0,10 x 3 mtrs Espesor 8mm<\/p>\n","protected":false},"featured_media":2049,"comment_status":"open","ping_status":"closed","template":"","meta":[],"product_brand":[],"product_cat":[55],"product_tag":[],"class_list":{"0":"post-2048","1":"product","2":"type-product","3":"status-publish","4":"has-post-thumbnail","6":"product_cat-planchas-revestimiento","8":"first","9":"instock","10":"shipping-taxable","11":"product-type-simple"},"jetpack_sharing_enabled":true,"_links":{"self":[{"href":"https:\/\/www.ferrehome1.cl\/index.php\/wp-json\/wp\/v2\/product\/2048","targetHints":{"allow":["GET"]}}],"collection":[{"href":"https:\/\/www.ferrehome1.cl\/index.php\/wp-json\/wp\/v2\/product"}],"about":[{"href":"https:\/\/www.ferrehome1.cl\/index.php\/wp-json\/wp\/v2\/types\/product"}],"replies":[{"embeddable":true,"href":"https:\/\/www.ferrehome1.cl\/index.php\/wp-json\/wp\/v2\/comments?post=2048"}],"wp:featuredmedia":[{"embeddable":true,"href":"https:\/\/www.ferrehome1.cl\/index.php\/wp-json\/wp\/v2\/media\/2049"}],"wp:attachment":[{"href":"https:\/\/www.ferrehome1.cl\/index.php\/wp-json\/wp\/v2\/media?parent=2048"}],"wp:term":[{"taxonomy":"product_brand","embeddable":true,"href":"https:\/\/www.ferrehome1.cl\/index.php\/wp-json\/wp\/v2\/product_brand?post=2048"},{"taxonomy":"product_cat","embeddable":true,"href":"https:\/\/www.ferrehome1.cl\/index.php\/wp-json\/wp\/v2\/product_cat?post=2048"},{"taxonomy":"product_tag","embeddable":true,"href":"https:\/\/www.ferrehome1.cl\/index.php\/wp-json\/wp\/v2\/product_tag?post=2048"}],"curies":[{"name":"wp","href":"https:\/\/api.w.org\/{rel}","templated":true}]}}