{"id":1995,"date":"2025-08-22T15:33:59","date_gmt":"2025-08-22T19:33:59","guid":{"rendered":"https:\/\/www.ferrehome1.cl\/?post_type=product&#038;p=1995"},"modified":"2025-08-22T15:51:01","modified_gmt":"2025-08-22T19:51:01","slug":"gas-butano-190gr","status":"publish","type":"product","link":"https:\/\/www.ferrehome1.cl\/index.php\/producto\/gas-butano-190gr\/","title":{"rendered":"Gas butano 190gr"},"content":{"rendered":"\n<p>El REPUESTO GAS BUTANO 190 GRAMOS sirve para que lo utilices en todo tipo de l\u00e1mparas que se alimenten a base de gas. Adem\u00e1s, lo puedes usar en anafres, cocinas peque\u00f1as, e incluso en sopletes cuando est\u00e1s en la construcci\u00f3n o arreglo de alguna estructura. El mismo utiliza una presentaci\u00f3n desechable de manera que es ideal para llevarlo contigo cuando vas de camping, excursi\u00f3n o a realizar trabajos que requieren de procedimientos y equipos muy pr\u00e1cticos.<\/p>\n\n\n\n<p>Entre las caracter\u00edsticas del REPUESTO GAS BUTANO 190 GRAMOS que el gas resulta de una excelente calidad de manera que se obtiene un combustible de \u00f3ptimas prestaciones y de gran rendimiento. El peso de este gas es ligero y su portabilidad hace posible contenerlo sin ninguna complicaci\u00f3n. Es por ello que resulta muy funcional para llevarlo a diversos lugares con toda comodidad.<\/p>\n","protected":false},"excerpt":{"rendered":"<p>Gas Butano 190gr Marca: Yenes<\/p>\n","protected":false},"featured_media":1996,"comment_status":"open","ping_status":"closed","template":"","meta":[],"product_brand":[],"product_cat":[318],"product_tag":[336,324],"class_list":{"0":"post-1995","1":"product","2":"type-product","3":"status-publish","4":"has-post-thumbnail","6":"product_cat-caneria-cobre","7":"product_tag-butano","8":"product_tag-gas","10":"first","11":"instock","12":"shipping-taxable","13":"purchasable","14":"product-type-simple"},"jetpack_sharing_enabled":true,"_links":{"self":[{"href":"https:\/\/www.ferrehome1.cl\/index.php\/wp-json\/wp\/v2\/product\/1995","targetHints":{"allow":["GET"]}}],"collection":[{"href":"https:\/\/www.ferrehome1.cl\/index.php\/wp-json\/wp\/v2\/product"}],"about":[{"href":"https:\/\/www.ferrehome1.cl\/index.php\/wp-json\/wp\/v2\/types\/product"}],"replies":[{"embeddable":true,"href":"https:\/\/www.ferrehome1.cl\/index.php\/wp-json\/wp\/v2\/comments?post=1995"}],"wp:featuredmedia":[{"embeddable":true,"href":"https:\/\/www.ferrehome1.cl\/index.php\/wp-json\/wp\/v2\/media\/1996"}],"wp:attachment":[{"href":"https:\/\/www.ferrehome1.cl\/index.php\/wp-json\/wp\/v2\/media?parent=1995"}],"wp:term":[{"taxonomy":"product_brand","embeddable":true,"href":"https:\/\/www.ferrehome1.cl\/index.php\/wp-json\/wp\/v2\/product_brand?post=1995"},{"taxonomy":"product_cat","embeddable":true,"href":"https:\/\/www.ferrehome1.cl\/index.php\/wp-json\/wp\/v2\/product_cat?post=1995"},{"taxonomy":"product_tag","embeddable":true,"href":"https:\/\/www.ferrehome1.cl\/index.php\/wp-json\/wp\/v2\/product_tag?post=1995"}],"curies":[{"name":"wp","href":"https:\/\/api.w.org\/{rel}","templated":true}]}}