{"id":1993,"date":"2025-08-22T15:20:14","date_gmt":"2025-08-22T19:20:14","guid":{"rendered":"https:\/\/www.ferrehome1.cl\/?post_type=product&#038;p=1993"},"modified":"2025-08-22T15:20:19","modified_gmt":"2025-08-22T19:20:19","slug":"soldadura-estano","status":"publish","type":"product","link":"https:\/\/www.ferrehome1.cl\/index.php\/producto\/soldadura-estano\/","title":{"rendered":"Soldadura esta\u00f1o"},"content":{"rendered":"\n<p>ESTA\u00d1O SOLDADURA CARRETE 50% 1\/2KG INDEPP\\nEl carrete de soldadura de esta\u00f1o, esta dise\u00f1ado especialmente para trabajos de plomeria y gasfiteria. Su fabricacion de 50% de esta\u00f1o garantiza un excelente comportamiento mecanico de esta soldadura. Al unirse de manera intermetalica con el cobre o bronce genera lo que se llama \u00absoldadura blanda\u00bb \\nformato de 1\/2 KG.\\n\\n\\n<\/p>\n","protected":false},"excerpt":{"rendered":"<p>Soldasura esta\u00f1o<\/p>\n<p>Peso: 1\/2 kg<\/p>\n<p>Marca: Indepp<\/p>\n","protected":false},"featured_media":1994,"comment_status":"open","ping_status":"closed","template":"","meta":[],"product_brand":[],"product_cat":[318],"product_tag":[],"class_list":{"0":"post-1993","1":"product","2":"type-product","3":"status-publish","4":"has-post-thumbnail","6":"product_cat-caneria-cobre","8":"first","9":"instock","10":"shipping-taxable","11":"product-type-simple"},"jetpack_sharing_enabled":true,"_links":{"self":[{"href":"https:\/\/www.ferrehome1.cl\/index.php\/wp-json\/wp\/v2\/product\/1993","targetHints":{"allow":["GET"]}}],"collection":[{"href":"https:\/\/www.ferrehome1.cl\/index.php\/wp-json\/wp\/v2\/product"}],"about":[{"href":"https:\/\/www.ferrehome1.cl\/index.php\/wp-json\/wp\/v2\/types\/product"}],"replies":[{"embeddable":true,"href":"https:\/\/www.ferrehome1.cl\/index.php\/wp-json\/wp\/v2\/comments?post=1993"}],"wp:featuredmedia":[{"embeddable":true,"href":"https:\/\/www.ferrehome1.cl\/index.php\/wp-json\/wp\/v2\/media\/1994"}],"wp:attachment":[{"href":"https:\/\/www.ferrehome1.cl\/index.php\/wp-json\/wp\/v2\/media?parent=1993"}],"wp:term":[{"taxonomy":"product_brand","embeddable":true,"href":"https:\/\/www.ferrehome1.cl\/index.php\/wp-json\/wp\/v2\/product_brand?post=1993"},{"taxonomy":"product_cat","embeddable":true,"href":"https:\/\/www.ferrehome1.cl\/index.php\/wp-json\/wp\/v2\/product_cat?post=1993"},{"taxonomy":"product_tag","embeddable":true,"href":"https:\/\/www.ferrehome1.cl\/index.php\/wp-json\/wp\/v2\/product_tag?post=1993"}],"curies":[{"name":"wp","href":"https:\/\/api.w.org\/{rel}","templated":true}]}}