{"id":1950,"date":"2025-08-22T07:52:46","date_gmt":"2025-08-22T11:52:46","guid":{"rendered":"https:\/\/www.ferrehome1.cl\/?post_type=product&#038;p=1950"},"modified":"2025-09-26T12:13:57","modified_gmt":"2025-09-26T15:13:57","slug":"zinc-acanalada-3mtrs","status":"publish","type":"product","link":"https:\/\/www.ferrehome1.cl\/index.php\/producto\/zinc-acanalada-3mtrs\/","title":{"rendered":"Zinc acanalada 3mtrs"},"content":{"rendered":"<p>L\u00e1mina de acero acanalada de 0,35 mil\u00edmetros de espesor, 851 mil\u00edmetros de ancho y 3 metros de largo con tama\u00f1o de onda est\u00e1ndar (onda 3\/4).<\/p>\n<p>Recubrimiento de zinc y aluminio en ambas caras.<\/p>\n<p>Ancho \u00datil: 700mm<\/p>\n","protected":false},"excerpt":{"rendered":"<p>Plancha de zinc<\/p>\n<p>Medidas: 0,35 x 851 x 3 mtrs<\/p>\n<p>Material: acero<\/p>\n<p>Rendimiento: 3 m2<\/p>\n","protected":false},"featured_media":1414,"comment_status":"open","ping_status":"closed","template":"","meta":[],"product_brand":[],"product_cat":[64],"product_tag":[89,88,86,87],"class_list":{"0":"post-1950","1":"product","2":"type-product","3":"status-publish","4":"has-post-thumbnail","6":"product_cat-techos-aislantes","7":"product_tag-acanalada","8":"product_tag-laminas","9":"product_tag-techos","10":"product_tag-zinc","12":"first","13":"instock","14":"sale","15":"shipping-taxable","16":"purchasable","17":"product-type-simple"},"jetpack_sharing_enabled":true,"_links":{"self":[{"href":"https:\/\/www.ferrehome1.cl\/index.php\/wp-json\/wp\/v2\/product\/1950","targetHints":{"allow":["GET"]}}],"collection":[{"href":"https:\/\/www.ferrehome1.cl\/index.php\/wp-json\/wp\/v2\/product"}],"about":[{"href":"https:\/\/www.ferrehome1.cl\/index.php\/wp-json\/wp\/v2\/types\/product"}],"replies":[{"embeddable":true,"href":"https:\/\/www.ferrehome1.cl\/index.php\/wp-json\/wp\/v2\/comments?post=1950"}],"wp:featuredmedia":[{"embeddable":true,"href":"https:\/\/www.ferrehome1.cl\/index.php\/wp-json\/wp\/v2\/media\/1414"}],"wp:attachment":[{"href":"https:\/\/www.ferrehome1.cl\/index.php\/wp-json\/wp\/v2\/media?parent=1950"}],"wp:term":[{"taxonomy":"product_brand","embeddable":true,"href":"https:\/\/www.ferrehome1.cl\/index.php\/wp-json\/wp\/v2\/product_brand?post=1950"},{"taxonomy":"product_cat","embeddable":true,"href":"https:\/\/www.ferrehome1.cl\/index.php\/wp-json\/wp\/v2\/product_cat?post=1950"},{"taxonomy":"product_tag","embeddable":true,"href":"https:\/\/www.ferrehome1.cl\/index.php\/wp-json\/wp\/v2\/product_tag?post=1950"}],"curies":[{"name":"wp","href":"https:\/\/api.w.org\/{rel}","templated":true}]}}