{"id":1817,"date":"2025-08-14T20:07:56","date_gmt":"2025-08-15T00:07:56","guid":{"rendered":"https:\/\/www.ferrehome1.cl\/?post_type=product&#038;p=1817"},"modified":"2025-08-23T15:45:36","modified_gmt":"2025-08-23T19:45:36","slug":"tapa-camara-redonda","status":"publish","type":"product","link":"https:\/\/www.ferrehome1.cl\/index.php\/producto\/tapa-camara-redonda\/","title":{"rendered":"Tapa c\u00e1mara alcantarillado"},"content":{"rendered":"\n<p>Es un producto de construcci\u00f3n que te permitir\u00e1 instalarlo en la c\u00e1mara de desag\u00fce. Sellar\u00e1 con seguridad y firmeza el sistema de drenaje, evitando malos olores. Al mismo tiempo, la Tapa para Alcantarillado de Grau mantiene la est\u00e9tica urbana. El hormig\u00f3n con el que est\u00e1 fabricada se caracteriza por su durabilidad, resistencia al fuego y su inercia t\u00e9rmica.<\/p>\n","protected":false},"excerpt":{"rendered":"<p>Tapa c\u00e1mara circular<\/p>\n<p>Di\u00e1metro: 60 cm<\/p>\n<p>Espesor: 32,5mm<\/p>\n","protected":false},"featured_media":1818,"comment_status":"open","ping_status":"closed","template":"","meta":[],"product_brand":[],"product_cat":[162],"product_tag":[301,302,300],"class_list":{"0":"post-1817","1":"product","2":"type-product","3":"status-publish","4":"has-post-thumbnail","6":"product_cat-bloques-y-soleras","7":"product_tag-camara","8":"product_tag-redonda","9":"product_tag-tapa","11":"first","12":"instock","13":"shipping-taxable","14":"purchasable","15":"product-type-simple"},"jetpack_sharing_enabled":true,"_links":{"self":[{"href":"https:\/\/www.ferrehome1.cl\/index.php\/wp-json\/wp\/v2\/product\/1817","targetHints":{"allow":["GET"]}}],"collection":[{"href":"https:\/\/www.ferrehome1.cl\/index.php\/wp-json\/wp\/v2\/product"}],"about":[{"href":"https:\/\/www.ferrehome1.cl\/index.php\/wp-json\/wp\/v2\/types\/product"}],"replies":[{"embeddable":true,"href":"https:\/\/www.ferrehome1.cl\/index.php\/wp-json\/wp\/v2\/comments?post=1817"}],"wp:featuredmedia":[{"embeddable":true,"href":"https:\/\/www.ferrehome1.cl\/index.php\/wp-json\/wp\/v2\/media\/1818"}],"wp:attachment":[{"href":"https:\/\/www.ferrehome1.cl\/index.php\/wp-json\/wp\/v2\/media?parent=1817"}],"wp:term":[{"taxonomy":"product_brand","embeddable":true,"href":"https:\/\/www.ferrehome1.cl\/index.php\/wp-json\/wp\/v2\/product_brand?post=1817"},{"taxonomy":"product_cat","embeddable":true,"href":"https:\/\/www.ferrehome1.cl\/index.php\/wp-json\/wp\/v2\/product_cat?post=1817"},{"taxonomy":"product_tag","embeddable":true,"href":"https:\/\/www.ferrehome1.cl\/index.php\/wp-json\/wp\/v2\/product_tag?post=1817"}],"curies":[{"name":"wp","href":"https:\/\/api.w.org\/{rel}","templated":true}]}}