{"id":1808,"date":"2025-08-14T19:07:26","date_gmt":"2025-08-14T23:07:26","guid":{"rendered":"https:\/\/www.ferrehome1.cl\/?post_type=product&#038;p=1808"},"modified":"2025-08-30T17:03:35","modified_gmt":"2025-08-30T21:03:35","slug":"conduit","status":"publish","type":"product","link":"https:\/\/www.ferrehome1.cl\/index.php\/producto\/conduit\/","title":{"rendered":"Conduit"},"content":{"rendered":"\n<p> Este tubo conduit est\u00e1 fabricado en PVC de alta calidad, lo que lo hace resistente a la humedad y la corrosi\u00f3n. Su color naranjo permite una f\u00e1cil identificaci\u00f3n del cableado, facilitando futuras mantenciones o reparaciones. La certificaci\u00f3n Cesmec garantiza que cumple con los m\u00e1s altos est\u00e1ndares de seguridad, brind\u00e1ndote tranquilidad y confianza en tu instalaci\u00f3n.<\/p>\n","protected":false},"excerpt":{"rendered":"<p>Tubo conduit<\/p>\n<p>Medidas:\u00a0 16mm, 20mm, 25mm x 3 mtrs<\/p>\n","protected":false},"featured_media":1809,"comment_status":"open","ping_status":"closed","template":"","meta":[],"product_brand":[],"product_cat":[72],"product_tag":[294],"class_list":{"0":"post-1808","1":"product","2":"type-product","3":"status-publish","4":"has-post-thumbnail","6":"product_cat-electricidad","7":"product_tag-conduit","9":"first","10":"instock","11":"shipping-taxable","12":"purchasable","13":"product-type-simple"},"jetpack_sharing_enabled":true,"_links":{"self":[{"href":"https:\/\/www.ferrehome1.cl\/index.php\/wp-json\/wp\/v2\/product\/1808","targetHints":{"allow":["GET"]}}],"collection":[{"href":"https:\/\/www.ferrehome1.cl\/index.php\/wp-json\/wp\/v2\/product"}],"about":[{"href":"https:\/\/www.ferrehome1.cl\/index.php\/wp-json\/wp\/v2\/types\/product"}],"replies":[{"embeddable":true,"href":"https:\/\/www.ferrehome1.cl\/index.php\/wp-json\/wp\/v2\/comments?post=1808"}],"wp:featuredmedia":[{"embeddable":true,"href":"https:\/\/www.ferrehome1.cl\/index.php\/wp-json\/wp\/v2\/media\/1809"}],"wp:attachment":[{"href":"https:\/\/www.ferrehome1.cl\/index.php\/wp-json\/wp\/v2\/media?parent=1808"}],"wp:term":[{"taxonomy":"product_brand","embeddable":true,"href":"https:\/\/www.ferrehome1.cl\/index.php\/wp-json\/wp\/v2\/product_brand?post=1808"},{"taxonomy":"product_cat","embeddable":true,"href":"https:\/\/www.ferrehome1.cl\/index.php\/wp-json\/wp\/v2\/product_cat?post=1808"},{"taxonomy":"product_tag","embeddable":true,"href":"https:\/\/www.ferrehome1.cl\/index.php\/wp-json\/wp\/v2\/product_tag?post=1808"}],"curies":[{"name":"wp","href":"https:\/\/api.w.org\/{rel}","templated":true}]}}