{"id":1742,"date":"2025-08-13T19:53:35","date_gmt":"2025-08-13T23:53:35","guid":{"rendered":"https:\/\/www.ferrehome1.cl\/?post_type=product&#038;p=1742"},"modified":"2025-08-28T11:31:19","modified_gmt":"2025-08-28T15:31:19","slug":"soldadura-6011","status":"publish","type":"product","link":"https:\/\/www.ferrehome1.cl\/index.php\/producto\/soldadura-6011\/","title":{"rendered":"Soldadura 6011 5\/32"},"content":{"rendered":"\n<p> El electrodo 6011 posee un revestimiento de tipo celul\u00f3sico dise\u00f1ado para ser usado con corriente alterna, pero tambi\u00e9n se le puede usar con corriente continua, electrodo positivo.<\/p>\n\n\n\n<p>La r\u00e1pida solidificaci\u00f3n del metal depositado facilita la soldadura en posici\u00f3n vertical y sobrecabeza.<\/p>\n\n\n\n<p>El arco puede ser dirigido f\u00e1cilmente en cualquier posici\u00f3n, permitiendo altas velocidades de deposici\u00f3n (soldadura).<\/p>\n\n\n\n<p>Apto para todas las aplicaciones de soldadura en acero dulce o al carbono, especialmente trabajos de alta penetraci\u00f3n. Ej: Cord\u00f3n de ra\u00edz en ca\u00f1er\u00edas, ca\u00f1er\u00edas de oleoductos, etc.<\/p>\n\n\n\n<p><\/p>\n","protected":false},"excerpt":{"rendered":"<p>Soldadura 6011 5\/32<\/p>\n<p>1kg<\/p>\n<p>&nbsp;<\/p>\n","protected":false},"featured_media":1738,"comment_status":"open","ping_status":"closed","template":"","meta":[],"product_brand":[],"product_cat":[68],"product_tag":[253],"class_list":{"0":"post-1742","1":"product","2":"type-product","3":"status-publish","4":"has-post-thumbnail","6":"product_cat-abrasivos","7":"product_tag-soldadura","9":"first","10":"instock","11":"shipping-taxable","12":"purchasable","13":"product-type-simple"},"jetpack_sharing_enabled":true,"_links":{"self":[{"href":"https:\/\/www.ferrehome1.cl\/index.php\/wp-json\/wp\/v2\/product\/1742","targetHints":{"allow":["GET"]}}],"collection":[{"href":"https:\/\/www.ferrehome1.cl\/index.php\/wp-json\/wp\/v2\/product"}],"about":[{"href":"https:\/\/www.ferrehome1.cl\/index.php\/wp-json\/wp\/v2\/types\/product"}],"replies":[{"embeddable":true,"href":"https:\/\/www.ferrehome1.cl\/index.php\/wp-json\/wp\/v2\/comments?post=1742"}],"wp:featuredmedia":[{"embeddable":true,"href":"https:\/\/www.ferrehome1.cl\/index.php\/wp-json\/wp\/v2\/media\/1738"}],"wp:attachment":[{"href":"https:\/\/www.ferrehome1.cl\/index.php\/wp-json\/wp\/v2\/media?parent=1742"}],"wp:term":[{"taxonomy":"product_brand","embeddable":true,"href":"https:\/\/www.ferrehome1.cl\/index.php\/wp-json\/wp\/v2\/product_brand?post=1742"},{"taxonomy":"product_cat","embeddable":true,"href":"https:\/\/www.ferrehome1.cl\/index.php\/wp-json\/wp\/v2\/product_cat?post=1742"},{"taxonomy":"product_tag","embeddable":true,"href":"https:\/\/www.ferrehome1.cl\/index.php\/wp-json\/wp\/v2\/product_tag?post=1742"}],"curies":[{"name":"wp","href":"https:\/\/api.w.org\/{rel}","templated":true}]}}