{"id":1662,"date":"2025-08-12T19:43:57","date_gmt":"2025-08-12T23:43:57","guid":{"rendered":"http:\/\/www.ferrehome1.cl\/?post_type=product&#038;p=1662"},"modified":"2025-08-27T09:43:33","modified_gmt":"2025-08-27T13:43:33","slug":"monomando-lavatorio","status":"publish","type":"product","link":"https:\/\/www.ferrehome1.cl\/index.php\/producto\/monomando-lavatorio\/","title":{"rendered":"Monomando lavatorio"},"content":{"rendered":"\n<p>Monomando para lavatorio, que permite regular el caudal de agua fr\u00eda y caliente como la mezcla de ambos. Aireador dirigible.<br><strong>Caracter\u00edsticas del producto<\/strong>:<br>\u2022 Cuerpo llave lat\u00f3n y manilla de zamak. Terminaci\u00f3n cromada.<br>\u2022 Adaptador conexi\u00f3n r\u00e1pida, no requiere uso de herramientas en la instalaci\u00f3n.<br>\u2022 Cartucho de cierre cer\u00b4mico 35(mm).<br>\u2022 Aireador dirigible y ahorro de agua, mezcla el agua con burbujas de aire, permitiendo ahorrar, sin alterar la fuerza del flujo.<br>\u2022 Flexibles monomando HE-HI M10x1 x 1\/2\u201d; de longitud 35(cm).<br>\u2022 Flexibles de vinilo, otorgan mayor flexibilidad facilitando la instalaci\u00f3n y mayor resistencia a la torsi\u00f3n, corrosi\u00f3n y oxidaci\u00f3n provocado por agentes atmosf\u00e9ricos y zonas de mucha humedad.<\/p>\n","protected":false},"excerpt":{"rendered":"<p>Monomando Lavatorio<\/p>\n<ul>\n<li>Acabado cromada<\/li>\n<li>Maneral Zinc<\/li>\n<li>Cartucho cer\u00e1mico<\/li>\n<\/ul>\n","protected":false},"featured_media":1663,"comment_status":"open","ping_status":"closed","template":"","meta":[],"product_brand":[],"product_cat":[66],"product_tag":[221,220],"class_list":{"0":"post-1662","1":"product","2":"type-product","3":"status-publish","4":"has-post-thumbnail","6":"product_cat-tuberiaspvc","7":"product_tag-lavatorio","8":"product_tag-monomando","10":"first","11":"instock","12":"shipping-taxable","13":"purchasable","14":"product-type-simple"},"jetpack_sharing_enabled":true,"_links":{"self":[{"href":"https:\/\/www.ferrehome1.cl\/index.php\/wp-json\/wp\/v2\/product\/1662","targetHints":{"allow":["GET"]}}],"collection":[{"href":"https:\/\/www.ferrehome1.cl\/index.php\/wp-json\/wp\/v2\/product"}],"about":[{"href":"https:\/\/www.ferrehome1.cl\/index.php\/wp-json\/wp\/v2\/types\/product"}],"replies":[{"embeddable":true,"href":"https:\/\/www.ferrehome1.cl\/index.php\/wp-json\/wp\/v2\/comments?post=1662"}],"wp:featuredmedia":[{"embeddable":true,"href":"https:\/\/www.ferrehome1.cl\/index.php\/wp-json\/wp\/v2\/media\/1663"}],"wp:attachment":[{"href":"https:\/\/www.ferrehome1.cl\/index.php\/wp-json\/wp\/v2\/media?parent=1662"}],"wp:term":[{"taxonomy":"product_brand","embeddable":true,"href":"https:\/\/www.ferrehome1.cl\/index.php\/wp-json\/wp\/v2\/product_brand?post=1662"},{"taxonomy":"product_cat","embeddable":true,"href":"https:\/\/www.ferrehome1.cl\/index.php\/wp-json\/wp\/v2\/product_cat?post=1662"},{"taxonomy":"product_tag","embeddable":true,"href":"https:\/\/www.ferrehome1.cl\/index.php\/wp-json\/wp\/v2\/product_tag?post=1662"}],"curies":[{"name":"wp","href":"https:\/\/api.w.org\/{rel}","templated":true}]}}