{"id":1660,"date":"2025-08-12T19:40:34","date_gmt":"2025-08-12T23:40:34","guid":{"rendered":"http:\/\/www.ferrehome1.cl\/?post_type=product&#038;p=1660"},"modified":"2025-08-27T09:38:54","modified_gmt":"2025-08-27T13:38:54","slug":"sifon-lavatorio","status":"publish","type":"product","link":"https:\/\/www.ferrehome1.cl\/index.php\/producto\/sifon-lavatorio\/","title":{"rendered":"Sif\u00f3n lavatorio"},"content":{"rendered":"\n<p>Sifon es un elemento imprescindible para la conexi\u00f3n a las redes de agua en ba\u00f1os y cocinas, no solo por su funcionalidad sino tambi\u00e9n por su dise\u00f1o est\u00e1ndar y su f\u00e1cil colocaci\u00f3n.<\/p>\n\n\n\n<p>Sif\u00f3n para lavatorios. Posee un vaso de registro lo cual permite su limpieza.<\/p>\n\n\n\n<p><\/p>\n\n\n\n<ul class=\"wp-block-list\">\n<li>Evita que los malos olores de la red sanitaria emanen hacia el exterior.<\/li>\n\n\n\n<li>Posee un vaso de registro lo cual permite su limpieza.<\/li>\n\n\n\n<li>Entrada 1 1\/4&#8243;.<\/li>\n\n\n\n<li>Salida recta de 32mm con goma de ajuste a \u00a040mm.<\/li>\n\n\n\n<li>Producto listo para instalar.<\/li>\n\n\n\n<li>Nuevo dise\u00f1o con vaso y tuercas ergon\u00f3micas de f\u00e1cil armado.<\/li>\n\n\n\n<li>Mayor capacidad de retenci\u00f3n de impurezas.<\/li>\n\n\n\n<li>Para todo tipo de pedestal y vanitorio.<\/li>\n<\/ul>\n","protected":false},"excerpt":{"rendered":"<p>Sif\u00f3n Lavatorio<\/p>\n<p>Marca: Hoffens<\/p>\n","protected":false},"featured_media":1661,"comment_status":"open","ping_status":"closed","template":"","meta":[],"product_brand":[],"product_cat":[66],"product_tag":[219],"class_list":{"0":"post-1660","1":"product","2":"type-product","3":"status-publish","4":"has-post-thumbnail","6":"product_cat-tuberiaspvc","7":"product_tag-sifon","9":"first","10":"instock","11":"shipping-taxable","12":"purchasable","13":"product-type-simple"},"jetpack_sharing_enabled":true,"_links":{"self":[{"href":"https:\/\/www.ferrehome1.cl\/index.php\/wp-json\/wp\/v2\/product\/1660","targetHints":{"allow":["GET"]}}],"collection":[{"href":"https:\/\/www.ferrehome1.cl\/index.php\/wp-json\/wp\/v2\/product"}],"about":[{"href":"https:\/\/www.ferrehome1.cl\/index.php\/wp-json\/wp\/v2\/types\/product"}],"replies":[{"embeddable":true,"href":"https:\/\/www.ferrehome1.cl\/index.php\/wp-json\/wp\/v2\/comments?post=1660"}],"wp:featuredmedia":[{"embeddable":true,"href":"https:\/\/www.ferrehome1.cl\/index.php\/wp-json\/wp\/v2\/media\/1661"}],"wp:attachment":[{"href":"https:\/\/www.ferrehome1.cl\/index.php\/wp-json\/wp\/v2\/media?parent=1660"}],"wp:term":[{"taxonomy":"product_brand","embeddable":true,"href":"https:\/\/www.ferrehome1.cl\/index.php\/wp-json\/wp\/v2\/product_brand?post=1660"},{"taxonomy":"product_cat","embeddable":true,"href":"https:\/\/www.ferrehome1.cl\/index.php\/wp-json\/wp\/v2\/product_cat?post=1660"},{"taxonomy":"product_tag","embeddable":true,"href":"https:\/\/www.ferrehome1.cl\/index.php\/wp-json\/wp\/v2\/product_tag?post=1660"}],"curies":[{"name":"wp","href":"https:\/\/api.w.org\/{rel}","templated":true}]}}