{"id":1566,"date":"2025-08-11T16:44:54","date_gmt":"2025-08-11T20:44:54","guid":{"rendered":"https:\/\/www.ferrehome1.cl\/?post_type=product&#038;p=1566"},"modified":"2025-08-25T10:47:18","modified_gmt":"2025-08-25T14:47:18","slug":"siding-pvc","status":"publish","type":"product","link":"https:\/\/www.ferrehome1.cl\/index.php\/producto\/siding-pvc\/","title":{"rendered":"Siding pvc"},"content":{"rendered":"\n<p>Dale a tu hogar un toque de elegancia y modernidad con el revestimiento vinil siding DVP en color beige. Este revestimiento de PVC de 3.80 m de largo es la soluci\u00f3n perfecta para renovar la fachada de tu casa, oficina o negocio. Su f\u00e1cil instalaci\u00f3n y bajo mantenimiento te permitir\u00e1n disfrutar de un acabado limpio y est\u00e9tico por mucho tiempo, sin la necesidad de pintura ni costosas reparaciones.<\/p>\n","protected":false},"excerpt":{"rendered":"<p>Revestimiento VynilSiding exterior PVC<\/p>\n<p>Material: PVC<\/p>\n<p>Medidas: 0.20 x 3.80 mts<\/p>\n<p>Espesor: 8mm<\/p>\n<p>Color: beige<\/p>\n","protected":false},"featured_media":1567,"comment_status":"open","ping_status":"closed","template":"","meta":[],"product_brand":[],"product_cat":[55],"product_tag":[175],"class_list":{"0":"post-1566","1":"product","2":"type-product","3":"status-publish","4":"has-post-thumbnail","6":"product_cat-planchas-revestimiento","7":"product_tag-siding-pvc","9":"first","10":"instock","11":"shipping-taxable","12":"purchasable","13":"product-type-simple"},"jetpack_sharing_enabled":true,"_links":{"self":[{"href":"https:\/\/www.ferrehome1.cl\/index.php\/wp-json\/wp\/v2\/product\/1566","targetHints":{"allow":["GET"]}}],"collection":[{"href":"https:\/\/www.ferrehome1.cl\/index.php\/wp-json\/wp\/v2\/product"}],"about":[{"href":"https:\/\/www.ferrehome1.cl\/index.php\/wp-json\/wp\/v2\/types\/product"}],"replies":[{"embeddable":true,"href":"https:\/\/www.ferrehome1.cl\/index.php\/wp-json\/wp\/v2\/comments?post=1566"}],"wp:featuredmedia":[{"embeddable":true,"href":"https:\/\/www.ferrehome1.cl\/index.php\/wp-json\/wp\/v2\/media\/1567"}],"wp:attachment":[{"href":"https:\/\/www.ferrehome1.cl\/index.php\/wp-json\/wp\/v2\/media?parent=1566"}],"wp:term":[{"taxonomy":"product_brand","embeddable":true,"href":"https:\/\/www.ferrehome1.cl\/index.php\/wp-json\/wp\/v2\/product_brand?post=1566"},{"taxonomy":"product_cat","embeddable":true,"href":"https:\/\/www.ferrehome1.cl\/index.php\/wp-json\/wp\/v2\/product_cat?post=1566"},{"taxonomy":"product_tag","embeddable":true,"href":"https:\/\/www.ferrehome1.cl\/index.php\/wp-json\/wp\/v2\/product_tag?post=1566"}],"curies":[{"name":"wp","href":"https:\/\/api.w.org\/{rel}","templated":true}]}}