{"id":1554,"date":"2025-08-11T16:27:11","date_gmt":"2025-08-11T20:27:11","guid":{"rendered":"https:\/\/www.ferrehome1.cl\/?post_type=product&#038;p=1554"},"modified":"2025-08-25T10:26:12","modified_gmt":"2025-08-25T14:26:12","slug":"terciado-estructural-18mm","status":"publish","type":"product","link":"https:\/\/www.ferrehome1.cl\/index.php\/producto\/terciado-estructural-18mm\/","title":{"rendered":"Terciado estructural 18mm"},"content":{"rendered":"\n<p>Tablero fabricado con l\u00e1minas de madera de pino radiata, con adhesivo fen\u00f3lico, estructural, alta aislaci\u00f3n t\u00e9rmica, tabiques, cubiertas de techumbre, revestimientos interiores y exteriores de madera<\/p>\n","protected":false},"excerpt":{"rendered":"<div>\n<div>\n<p>Tablero de madera estructural uso constructivo<\/p>\n<\/div>\n<\/div>\n<div>\n<ul>\n<li>Marca : GENERICO<\/li>\n<li>Alto: 18.00 mm<\/li>\n<li>Ancho: 1220.00 mm<\/li>\n<li>Largo: 2440.00 mm<\/li>\n<li>Peso: 28.60 kg<\/li>\n<li>Espesor: 18.00 mm<\/li>\n<li>Unidad de medida: PLS<\/li>\n<li>Color: Caf\u00e9 claro<\/li>\n<li>Fabricaci\u00f3n: Nacional<\/li>\n<\/ul>\n<\/div>\n","protected":false},"featured_media":1555,"comment_status":"open","ping_status":"closed","template":"","meta":[],"product_brand":[],"product_cat":[55],"product_tag":[170],"class_list":{"0":"post-1554","1":"product","2":"type-product","3":"status-publish","4":"has-post-thumbnail","6":"product_cat-planchas-revestimiento","7":"product_tag-terciado-estructural","9":"first","10":"instock","11":"shipping-taxable","12":"purchasable","13":"product-type-simple"},"jetpack_sharing_enabled":true,"_links":{"self":[{"href":"https:\/\/www.ferrehome1.cl\/index.php\/wp-json\/wp\/v2\/product\/1554","targetHints":{"allow":["GET"]}}],"collection":[{"href":"https:\/\/www.ferrehome1.cl\/index.php\/wp-json\/wp\/v2\/product"}],"about":[{"href":"https:\/\/www.ferrehome1.cl\/index.php\/wp-json\/wp\/v2\/types\/product"}],"replies":[{"embeddable":true,"href":"https:\/\/www.ferrehome1.cl\/index.php\/wp-json\/wp\/v2\/comments?post=1554"}],"wp:featuredmedia":[{"embeddable":true,"href":"https:\/\/www.ferrehome1.cl\/index.php\/wp-json\/wp\/v2\/media\/1555"}],"wp:attachment":[{"href":"https:\/\/www.ferrehome1.cl\/index.php\/wp-json\/wp\/v2\/media?parent=1554"}],"wp:term":[{"taxonomy":"product_brand","embeddable":true,"href":"https:\/\/www.ferrehome1.cl\/index.php\/wp-json\/wp\/v2\/product_brand?post=1554"},{"taxonomy":"product_cat","embeddable":true,"href":"https:\/\/www.ferrehome1.cl\/index.php\/wp-json\/wp\/v2\/product_cat?post=1554"},{"taxonomy":"product_tag","embeddable":true,"href":"https:\/\/www.ferrehome1.cl\/index.php\/wp-json\/wp\/v2\/product_tag?post=1554"}],"curies":[{"name":"wp","href":"https:\/\/api.w.org\/{rel}","templated":true}]}}