{"id":1507,"date":"2025-08-11T10:43:26","date_gmt":"2025-08-11T14:43:26","guid":{"rendered":"http:\/\/www.ferrehome1.cl\/?post_type=product&#038;p=1507"},"modified":"2025-08-22T10:17:15","modified_gmt":"2025-08-22T14:17:15","slug":"teja-asfaltica","status":"publish","type":"product","link":"https:\/\/www.ferrehome1.cl\/index.php\/producto\/teja-asfaltica\/","title":{"rendered":"Teja asf\u00e1ltica"},"content":{"rendered":"\n<p>Teja asf\u00e1ltica fabricada con asfalto, fibra de vidrio y minerales seleccionados que aportan profundidad y textura a la terminaci\u00f3n de las tejas.\u00a0Es una excelente alternativa para mejorar o renovar techos a un costo asequible. Tiene adhesivo completo en la leng\u00fceta que hace que su instalaci\u00f3n sea realmente m\u00e1s f\u00e1cil y segura.\u00a0Disponible en 5 colores: negro, rojo colonial, caf\u00e9 tabaco, caf\u00e9 chocolate y verde bosque.<\/p>\n","protected":false},"excerpt":{"rendered":"<p>Teja Asf\u00e1ltica 2,95 mtrs2<\/p>\n<p>colores: negro, verde, roja, chocolate<\/p>\n","protected":false},"featured_media":1924,"comment_status":"open","ping_status":"closed","template":"","meta":[],"product_brand":[],"product_cat":[64],"product_tag":[],"class_list":{"0":"post-1507","1":"product","2":"type-product","3":"status-publish","4":"has-post-thumbnail","6":"product_cat-techos-aislantes","8":"first","9":"instock","10":"shipping-taxable","11":"purchasable","12":"product-type-simple"},"jetpack_sharing_enabled":true,"_links":{"self":[{"href":"https:\/\/www.ferrehome1.cl\/index.php\/wp-json\/wp\/v2\/product\/1507","targetHints":{"allow":["GET"]}}],"collection":[{"href":"https:\/\/www.ferrehome1.cl\/index.php\/wp-json\/wp\/v2\/product"}],"about":[{"href":"https:\/\/www.ferrehome1.cl\/index.php\/wp-json\/wp\/v2\/types\/product"}],"replies":[{"embeddable":true,"href":"https:\/\/www.ferrehome1.cl\/index.php\/wp-json\/wp\/v2\/comments?post=1507"}],"wp:featuredmedia":[{"embeddable":true,"href":"https:\/\/www.ferrehome1.cl\/index.php\/wp-json\/wp\/v2\/media\/1924"}],"wp:attachment":[{"href":"https:\/\/www.ferrehome1.cl\/index.php\/wp-json\/wp\/v2\/media?parent=1507"}],"wp:term":[{"taxonomy":"product_brand","embeddable":true,"href":"https:\/\/www.ferrehome1.cl\/index.php\/wp-json\/wp\/v2\/product_brand?post=1507"},{"taxonomy":"product_cat","embeddable":true,"href":"https:\/\/www.ferrehome1.cl\/index.php\/wp-json\/wp\/v2\/product_cat?post=1507"},{"taxonomy":"product_tag","embeddable":true,"href":"https:\/\/www.ferrehome1.cl\/index.php\/wp-json\/wp\/v2\/product_tag?post=1507"}],"curies":[{"name":"wp","href":"https:\/\/api.w.org\/{rel}","templated":true}]}}