{"id":1503,"date":"2025-08-11T10:32:36","date_gmt":"2025-08-11T14:32:36","guid":{"rendered":"http:\/\/www.ferrehome1.cl\/?post_type=product&#038;p=1503"},"modified":"2025-08-22T08:46:29","modified_gmt":"2025-08-22T12:46:29","slug":"membrana-hidrofuga","status":"publish","type":"product","link":"https:\/\/www.ferrehome1.cl\/index.php\/producto\/membrana-hidrofuga\/","title":{"rendered":"Membrana hidr\u00f3fuga"},"content":{"rendered":"\n<p>MEMBRANA HIDROFUGA MATWRAP 40M2<\/p>\n\n\n\n<p>MATWRAP\u00ae&nbsp;es una&nbsp;membrana hidr\u00f3fuga impermeable&nbsp;y respirable que se utiliza en reemplazo del fieltro asf\u00e1ltico, como barrera de humedad y vapor en las envolventes o bajo cubierta, de una casa o edificio. Posee una gran resistencia al rasgado producido por vientos, permitiendo adelantar el trabajo en el interior de la construcci\u00f3n en cualquier \u00e9poca del a\u00f1o, protegiendo de la lluvia y humedad las estructuras y elementos de aislaci\u00f3n.<\/p>\n\n\n\n<p>Su composici\u00f3n de l\u00e1mina de Polipropileno con microporos (TRCP) de MATWRAP\u00ae genera esta impermeabilizaci\u00f3n hacia el interior, permitiendo la evacuaci\u00f3n de vapor producido dentro de las habitaciones, hacia el exterior, evitando la formaci\u00f3n de hongos producidos por la acumulaci\u00f3n de humedad.<\/p>\n\n\n\n<p>Gramaje: 80 gr\/m2<\/p>\n\n\n\n<p>Rendimiento: 40 m2<\/p>\n\n\n\n<p>1. Techos:&nbsp;Funciona como una barrera de agua, ante la condensaci\u00f3n producida por debajo de cubiertas de techos. Su gran resistencia al rasgado evita aparici\u00f3n de filtraciones producidas por la manipulaci\u00f3n con el fieltro asf\u00e1ltico.<\/p>\n\n\n\n<p>2. Muros: Al aplicarse en el contorno de la envolvente, asegura el funcionamiento \u00f3ptimo de materiales de aislaci\u00f3n, sellando el per\u00edmetro de la entrada de viento, siendo al mismo tiempo una efectiva barrera de aire, manteniendo el factor R dentro de la vivienda.<\/p>\n","protected":false},"excerpt":{"rendered":"<p>Membrana hidr\u00f3fuga para muros y techos.<\/p>\n<p>Medidas: 3mm x 1,50mtrs x 26,7mtrs<\/p>\n<p>Rendimiento: 40 metros<\/p>\n<p>peso: 3,20kg<\/p>\n<p>Marca: Mathiesen<\/p>\n","protected":false},"featured_media":1504,"comment_status":"open","ping_status":"closed","template":"","meta":[],"product_brand":[],"product_cat":[64],"product_tag":[153,154],"class_list":{"0":"post-1503","1":"product","2":"type-product","3":"status-publish","4":"has-post-thumbnail","6":"product_cat-techos-aislantes","7":"product_tag-membrana-hidrofuga","8":"product_tag-muros","10":"first","11":"instock","12":"shipping-taxable","13":"purchasable","14":"product-type-simple"},"jetpack_sharing_enabled":true,"_links":{"self":[{"href":"https:\/\/www.ferrehome1.cl\/index.php\/wp-json\/wp\/v2\/product\/1503","targetHints":{"allow":["GET"]}}],"collection":[{"href":"https:\/\/www.ferrehome1.cl\/index.php\/wp-json\/wp\/v2\/product"}],"about":[{"href":"https:\/\/www.ferrehome1.cl\/index.php\/wp-json\/wp\/v2\/types\/product"}],"replies":[{"embeddable":true,"href":"https:\/\/www.ferrehome1.cl\/index.php\/wp-json\/wp\/v2\/comments?post=1503"}],"wp:featuredmedia":[{"embeddable":true,"href":"https:\/\/www.ferrehome1.cl\/index.php\/wp-json\/wp\/v2\/media\/1504"}],"wp:attachment":[{"href":"https:\/\/www.ferrehome1.cl\/index.php\/wp-json\/wp\/v2\/media?parent=1503"}],"wp:term":[{"taxonomy":"product_brand","embeddable":true,"href":"https:\/\/www.ferrehome1.cl\/index.php\/wp-json\/wp\/v2\/product_brand?post=1503"},{"taxonomy":"product_cat","embeddable":true,"href":"https:\/\/www.ferrehome1.cl\/index.php\/wp-json\/wp\/v2\/product_cat?post=1503"},{"taxonomy":"product_tag","embeddable":true,"href":"https:\/\/www.ferrehome1.cl\/index.php\/wp-json\/wp\/v2\/product_tag?post=1503"}],"curies":[{"name":"wp","href":"https:\/\/api.w.org\/{rel}","templated":true}]}}