{"id":1435,"date":"2025-08-09T11:35:28","date_gmt":"2025-08-09T15:35:28","guid":{"rendered":"http:\/\/www.ferrehome1.cl\/?post_type=product&#038;p=1435"},"modified":"2025-08-25T14:54:10","modified_gmt":"2025-08-25T18:54:10","slug":"masilla-base","status":"publish","type":"product","link":"https:\/\/www.ferrehome1.cl\/index.php\/producto\/masilla-base\/","title":{"rendered":"Masilla base"},"content":{"rendered":"\n<p>La Masilla Base Romeral es un producto de la marca Gyplac, dise\u00f1ada para ser aplicada en superficies de yeso-cart\u00f3n. Su color blanco te permite obtener un acabado uniforme y est\u00e9tico. Para asegurar su m\u00e1xima efectividad, es fundamental almacenar el producto en un lugar seco, bien ventilado y separado del piso, evitando el contacto con agua o humedad.<\/p>\n","protected":false},"excerpt":{"rendered":"<p>Masila base 25kg<\/p>\n<p>Base para juntas<\/p>\n<p>Superficie: yeso-cart\u00f3n<\/p>\n<p>Marca:\u00a0Gyplac<\/p>\n","protected":false},"featured_media":1439,"comment_status":"open","ping_status":"closed","template":"","meta":[],"product_brand":[],"product_cat":[57],"product_tag":[],"class_list":{"0":"post-1435","1":"product","2":"type-product","3":"status-publish","4":"has-post-thumbnail","6":"product_cat-cemento-adhesivo","8":"first","9":"instock","10":"shipping-taxable","11":"purchasable","12":"product-type-simple"},"jetpack_sharing_enabled":true,"_links":{"self":[{"href":"https:\/\/www.ferrehome1.cl\/index.php\/wp-json\/wp\/v2\/product\/1435","targetHints":{"allow":["GET"]}}],"collection":[{"href":"https:\/\/www.ferrehome1.cl\/index.php\/wp-json\/wp\/v2\/product"}],"about":[{"href":"https:\/\/www.ferrehome1.cl\/index.php\/wp-json\/wp\/v2\/types\/product"}],"replies":[{"embeddable":true,"href":"https:\/\/www.ferrehome1.cl\/index.php\/wp-json\/wp\/v2\/comments?post=1435"}],"wp:featuredmedia":[{"embeddable":true,"href":"https:\/\/www.ferrehome1.cl\/index.php\/wp-json\/wp\/v2\/media\/1439"}],"wp:attachment":[{"href":"https:\/\/www.ferrehome1.cl\/index.php\/wp-json\/wp\/v2\/media?parent=1435"}],"wp:term":[{"taxonomy":"product_brand","embeddable":true,"href":"https:\/\/www.ferrehome1.cl\/index.php\/wp-json\/wp\/v2\/product_brand?post=1435"},{"taxonomy":"product_cat","embeddable":true,"href":"https:\/\/www.ferrehome1.cl\/index.php\/wp-json\/wp\/v2\/product_cat?post=1435"},{"taxonomy":"product_tag","embeddable":true,"href":"https:\/\/www.ferrehome1.cl\/index.php\/wp-json\/wp\/v2\/product_tag?post=1435"}],"curies":[{"name":"wp","href":"https:\/\/api.w.org\/{rel}","templated":true}]}}